{"id":21,"date":"2024-04-18T09:54:06","date_gmt":"2024-04-18T09:54:06","guid":{"rendered":"https:\/\/rovadent.ro\/?page_id=21"},"modified":"2024-04-18T12:50:57","modified_gmt":"2024-04-18T12:50:57","slug":"contact","status":"publish","type":"page","link":"https:\/\/rovadent.ro\/index.php\/contact\/","title":{"rendered":"Contact"},"content":{"rendered":"\t\t<div data-elementor-type=\"wp-page\" data-elementor-id=\"21\" class=\"elementor elementor-21\" data-elementor-post-type=\"page\">\n\t\t\t\t\t\t<section class=\"elementor-section elementor-top-section elementor-element elementor-element-1e08c3b1 elementor-section-height-min-height elementor-section-boxed elementor-section-height-default elementor-section-items-middle\" data-id=\"1e08c3b1\" data-element_type=\"section\" data-e-type=\"section\" data-settings=\"{&quot;background_background&quot;:&quot;classic&quot;}\">\n\t\t\t\t\t\t\t<div class=\"elementor-background-overlay\"><\/div>\n\t\t\t\t\t\t\t<div class=\"elementor-container elementor-column-gap-default\">\n\t\t\t\t\t<div class=\"elementor-column elementor-col-100 elementor-top-column elementor-element elementor-element-36495e2d\" data-id=\"36495e2d\" data-element_type=\"column\" data-e-type=\"column\">\n\t\t\t<div class=\"elementor-widget-wrap elementor-element-populated\">\n\t\t\t\t\t\t<div class=\"elementor-element elementor-element-54be3ae8 de_scroll_animation_no elementor-invisible elementor-widget elementor-widget-heading\" data-id=\"54be3ae8\" data-element_type=\"widget\" data-e-type=\"widget\" data-settings=\"{&quot;_animation&quot;:&quot;fadeInUp&quot;}\" data-widget_type=\"heading.default\">\n\t\t\t\t<div class=\"elementor-widget-container\">\n\t\t\t\t\t<h2 class=\"elementor-heading-title elementor-size-default\">Contact<\/h2>\t\t\t\t<\/div>\n\t\t\t\t<\/div>\n\t\t\t\t\t<\/div>\n\t\t<\/div>\n\t\t\t\t\t<\/div>\n\t\t<\/section>\n\t\t\t\t<section class=\"elementor-section elementor-top-section elementor-element elementor-element-59d869e7 elementor-reverse-mobile elementor-reverse-tablet elementor-section-boxed elementor-section-height-default elementor-section-height-default\" data-id=\"59d869e7\" data-element_type=\"section\" data-e-type=\"section\">\n\t\t\t\t\t\t<div class=\"elementor-container elementor-column-gap-default\">\n\t\t\t\t\t<div class=\"elementor-column elementor-col-50 elementor-top-column elementor-element elementor-element-5098c512 elementor-invisible\" data-id=\"5098c512\" data-element_type=\"column\" data-e-type=\"column\" data-settings=\"{&quot;background_background&quot;:&quot;classic&quot;,&quot;animation&quot;:&quot;fadeIn&quot;}\">\n\t\t\t<div class=\"elementor-widget-wrap elementor-element-populated\">\n\t\t\t\t\t\t<div class=\"elementor-element elementor-element-34deb37f de_scroll_animation_no elementor-widget elementor-widget-google_maps\" data-id=\"34deb37f\" data-element_type=\"widget\" data-e-type=\"widget\" data-widget_type=\"google_maps.default\">\n\t\t\t\t<div class=\"elementor-widget-container\">\n\t\t\t\t\t\t\t<div class=\"elementor-custom-embed\">\n\t\t\t<iframe loading=\"lazy\"\n\t\t\t\t\tsrc=\"https:\/\/maps.google.com\/maps?q=Oravita%2C%20Andrei%20Saguna%2049%2C%20caras%20severin&#038;t=m&#038;z=18&#038;output=embed&#038;iwloc=near\"\n\t\t\t\t\ttitle=\"Oravita, Andrei Saguna 49, caras severin\"\n\t\t\t\t\taria-label=\"Oravita, Andrei Saguna 49, caras severin\"\n\t\t\t><\/iframe>\n\t\t<\/div>\n\t\t\t\t\t\t<\/div>\n\t\t\t\t<\/div>\n\t\t\t\t\t<\/div>\n\t\t<\/div>\n\t\t\t\t<div class=\"elementor-column elementor-col-50 elementor-top-column elementor-element elementor-element-57bf759e\" data-id=\"57bf759e\" data-element_type=\"column\" data-e-type=\"column\">\n\t\t\t<div class=\"elementor-widget-wrap elementor-element-populated\">\n\t\t\t\t\t\t<div class=\"elementor-element elementor-element-7f56b039 de_scroll_animation_no elementor-invisible elementor-widget elementor-widget-text-editor\" data-id=\"7f56b039\" data-element_type=\"widget\" data-e-type=\"widget\" data-settings=\"{&quot;_animation&quot;:&quot;fadeInUp&quot;}\" data-widget_type=\"text-editor.default\">\n\t\t\t\t<div class=\"elementor-widget-container\">\n\t\t\t\t\t\t\t\t\t<p>Contact<\/p>\t\t\t\t\t\t\t\t<\/div>\n\t\t\t\t<\/div>\n\t\t\t\t<div class=\"elementor-element elementor-element-50023d96 de_scroll_animation_no elementor-invisible elementor-widget elementor-widget-heading\" data-id=\"50023d96\" data-element_type=\"widget\" data-e-type=\"widget\" data-settings=\"{&quot;_animation&quot;:&quot;fadeInUp&quot;,&quot;_animation_delay&quot;:200}\" data-widget_type=\"heading.default\">\n\t\t\t\t<div class=\"elementor-widget-container\">\n\t\t\t\t\t<h2 class=\"elementor-heading-title elementor-size-default\">Clinica Dentar\u0103 Rovadent<\/h2>\t\t\t\t<\/div>\n\t\t\t\t<\/div>\n\t\t\t\t<div class=\"elementor-element elementor-element-4b7c59a0 de_scroll_animation_no elementor-invisible elementor-widget elementor-widget-text-editor\" data-id=\"4b7c59a0\" data-element_type=\"widget\" data-e-type=\"widget\" data-settings=\"{&quot;_animation&quot;:&quot;fadeInUp&quot;,&quot;_animation_delay&quot;:400}\" data-widget_type=\"text-editor.default\">\n\t\t\t\t<div class=\"elementor-widget-container\">\n\t\t\t\t\t\t\t\t\t<p>V\u0103 mul\u021bumim c\u0103 a\u021bi luat \u00een considerare serviciile noastre stomatologice pentru \u00eengrijirea s\u0103n\u0103t\u0103\u021bii dumneavoastr\u0103 bucale. Suntem dedica\u021bi s\u0103 oferim \u00eengrijire de cea mai \u00eenalt\u0103 calitate \u0219i s\u0103 v\u0103 asigur\u0103m c\u0103 v\u0103 sim\u021bi\u021bi confortabil \u0219i \u00een siguran\u021b\u0103 \u00een timpul fiec\u0103rei vizite.<\/p>\t\t\t\t\t\t\t\t<\/div>\n\t\t\t\t<\/div>\n\t\t\t\t<section class=\"elementor-section elementor-inner-section elementor-element elementor-element-2c8dc5cf elementor-section-boxed elementor-section-height-default elementor-section-height-default\" data-id=\"2c8dc5cf\" data-element_type=\"section\" data-e-type=\"section\">\n\t\t\t\t\t\t<div class=\"elementor-container elementor-column-gap-default\">\n\t\t\t\t\t<div class=\"elementor-column elementor-col-50 elementor-inner-column elementor-element elementor-element-3f84fd8f elementor-invisible\" data-id=\"3f84fd8f\" data-element_type=\"column\" data-e-type=\"column\" data-settings=\"{&quot;animation&quot;:&quot;fadeInUp&quot;,&quot;animation_delay&quot;:600}\">\n\t\t\t<div class=\"elementor-widget-wrap elementor-element-populated\">\n\t\t\t\t\t\t<div class=\"elementor-element elementor-element-29bfa485 elementor-position-left elementor-vertical-align-middle de_scroll_animation_no elementor-widget elementor-widget-image-box\" data-id=\"29bfa485\" data-element_type=\"widget\" data-e-type=\"widget\" data-widget_type=\"image-box.default\">\n\t\t\t\t<div class=\"elementor-widget-container\">\n\t\t\t\t\t<div class=\"elementor-image-box-wrapper\"><figure class=\"elementor-image-box-img\"><img fetchpriority=\"high\" decoding=\"async\" width=\"800\" height=\"800\" src=\"https:\/\/rovadent.ro\/wp-content\/uploads\/2024\/04\/icon-63.png\" class=\"attachment-full size-full wp-image-57\" alt=\"\" srcset=\"https:\/\/rovadent.ro\/wp-content\/uploads\/2024\/04\/icon-63.png 800w, https:\/\/rovadent.ro\/wp-content\/uploads\/2024\/04\/icon-63-300x300.png 300w, https:\/\/rovadent.ro\/wp-content\/uploads\/2024\/04\/icon-63-150x150.png 150w, https:\/\/rovadent.ro\/wp-content\/uploads\/2024\/04\/icon-63-768x768.png 768w\" sizes=\"(max-width: 800px) 100vw, 800px\" \/><\/figure><div class=\"elementor-image-box-content\"><h3 class=\"elementor-image-box-title\">Date de contact<\/h3><p class=\"elementor-image-box-description\">Nu ezita s\u0103 ne contactezi<\/p><\/div><\/div>\t\t\t\t<\/div>\n\t\t\t\t<\/div>\n\t\t\t\t<div class=\"elementor-element elementor-element-1312d625 de_scroll_animation_no elementor-widget elementor-widget-text-editor\" data-id=\"1312d625\" data-element_type=\"widget\" data-e-type=\"widget\" data-widget_type=\"text-editor.default\">\n\t\t\t\t<div class=\"elementor-widget-container\">\n\t\t\t\t\t\t\t\t\t<p><a href=\"tel:+40799266809\">0799266809<\/a><\/p><p><a href=\"tel:+40355425162\">0355425162<\/a><\/p>\t\t\t\t\t\t\t\t<\/div>\n\t\t\t\t<\/div>\n\t\t\t\t<div class=\"elementor-element elementor-element-48d85f16 de_scroll_animation_no elementor-widget elementor-widget-text-editor\" data-id=\"48d85f16\" data-element_type=\"widget\" data-e-type=\"widget\" data-widget_type=\"text-editor.default\">\n\t\t\t\t<div class=\"elementor-widget-container\">\n\t\t\t\t\t\t\t\t\t<p><a href=\"mailto:cabinet@rovadent.ro\">cabinet@rovadent.ro<\/a><\/p>\t\t\t\t\t\t\t\t<\/div>\n\t\t\t\t<\/div>\n\t\t\t\t\t<\/div>\n\t\t<\/div>\n\t\t\t\t<div class=\"elementor-column elementor-col-50 elementor-inner-column elementor-element elementor-element-4ac8b5d9 elementor-invisible\" data-id=\"4ac8b5d9\" data-element_type=\"column\" data-e-type=\"column\" data-settings=\"{&quot;animation&quot;:&quot;fadeInUp&quot;,&quot;animation_delay&quot;:700}\">\n\t\t\t<div class=\"elementor-widget-wrap elementor-element-populated\">\n\t\t\t\t\t\t<div class=\"elementor-element elementor-element-6668752f elementor-position-left elementor-vertical-align-middle de_scroll_animation_no elementor-widget elementor-widget-image-box\" data-id=\"6668752f\" data-element_type=\"widget\" data-e-type=\"widget\" data-widget_type=\"image-box.default\">\n\t\t\t\t<div class=\"elementor-widget-container\">\n\t\t\t\t\t<div class=\"elementor-image-box-wrapper\"><figure class=\"elementor-image-box-img\"><img decoding=\"async\" width=\"800\" height=\"800\" src=\"https:\/\/rovadent.ro\/wp-content\/uploads\/2024\/04\/icon-53.png\" class=\"attachment-full size-full wp-image-58\" alt=\"\" srcset=\"https:\/\/rovadent.ro\/wp-content\/uploads\/2024\/04\/icon-53.png 800w, https:\/\/rovadent.ro\/wp-content\/uploads\/2024\/04\/icon-53-300x300.png 300w, https:\/\/rovadent.ro\/wp-content\/uploads\/2024\/04\/icon-53-150x150.png 150w, https:\/\/rovadent.ro\/wp-content\/uploads\/2024\/04\/icon-53-768x768.png 768w\" sizes=\"(max-width: 800px) 100vw, 800px\" \/><\/figure><div class=\"elementor-image-box-content\"><h3 class=\"elementor-image-box-title\">Adres\u0103<\/h3><p class=\"elementor-image-box-description\"><b>Clinica Dentar\u0103 Rovadent<\/b><\/p><\/div><\/div>\t\t\t\t<\/div>\n\t\t\t\t<\/div>\n\t\t\t\t<div class=\"elementor-element elementor-element-4a2e06b0 de_scroll_animation_no elementor-widget elementor-widget-text-editor\" data-id=\"4a2e06b0\" data-element_type=\"widget\" data-e-type=\"widget\" data-widget_type=\"text-editor.default\">\n\t\t\t\t<div class=\"elementor-widget-container\">\n\t\t\t\t\t\t\t\t\t<p>Oravita, Andrei Saguna 49, Caras Severin<\/p>\t\t\t\t\t\t\t\t<\/div>\n\t\t\t\t<\/div>\n\t\t\t\t\t<\/div>\n\t\t<\/div>\n\t\t\t\t\t<\/div>\n\t\t<\/section>\n\t\t\t\t\t<\/div>\n\t\t<\/div>\n\t\t\t\t\t<\/div>\n\t\t<\/section>\n\t\t\t\t<\/div>\n\t\t","protected":false},"excerpt":{"rendered":"<p>Contact Contact Clinica Dentar\u0103 Rovadent V\u0103 mul\u021bumim c\u0103 a\u021bi luat \u00een considerare serviciile noastre stomatologice pentru \u00eengrijirea s\u0103n\u0103t\u0103\u021bii dumneavoastr\u0103 bucale. Suntem dedica\u021bi s\u0103 oferim \u00eengrijire de cea mai \u00eenalt\u0103 calitate \u0219i s\u0103 v\u0103 asigur\u0103m c\u0103 v\u0103 sim\u021bi\u021bi confortabil \u0219i \u00een siguran\u021b\u0103 \u00een timpul fiec\u0103rei vizite. Date de contact Nu ezita s\u0103 ne contactezi 0799266809 0355425162 [&hellip;]<\/p>\n","protected":false},"author":1,"featured_media":0,"parent":0,"menu_order":0,"comment_status":"closed","ping_status":"closed","template":"","meta":{"_seopress_robots_primary_cat":"","_seopress_titles_title":"Servicii Stomatologice de Top - Clinica Dentar\u0103 Rovadent","_seopress_titles_desc":"Contacta\u021bi Clinica Dentar\u0103 Rovadent pentru servicii stomatologice de \u00eenalt\u0103 calitate. V\u0103 asigur\u0103m confort \u0219i siguran\u021b\u0103 la fiecare vizit\u0103. Suna\u021bi acum!","_seopress_robots_index":"","footnotes":""},"class_list":["post-21","page","type-page","status-publish","hentry"],"_links":{"self":[{"href":"https:\/\/rovadent.ro\/index.php\/wp-json\/wp\/v2\/pages\/21","targetHints":{"allow":["GET"]}}],"collection":[{"href":"https:\/\/rovadent.ro\/index.php\/wp-json\/wp\/v2\/pages"}],"about":[{"href":"https:\/\/rovadent.ro\/index.php\/wp-json\/wp\/v2\/types\/page"}],"author":[{"embeddable":true,"href":"https:\/\/rovadent.ro\/index.php\/wp-json\/wp\/v2\/users\/1"}],"replies":[{"embeddable":true,"href":"https:\/\/rovadent.ro\/index.php\/wp-json\/wp\/v2\/comments?post=21"}],"version-history":[{"count":4,"href":"https:\/\/rovadent.ro\/index.php\/wp-json\/wp\/v2\/pages\/21\/revisions"}],"predecessor-version":[{"id":174,"href":"https:\/\/rovadent.ro\/index.php\/wp-json\/wp\/v2\/pages\/21\/revisions\/174"}],"wp:attachment":[{"href":"https:\/\/rovadent.ro\/index.php\/wp-json\/wp\/v2\/media?parent=21"}],"curies":[{"name":"wp","href":"https:\/\/api.w.org\/{rel}","templated":true}]}}